{"id":2377,"date":"2021-01-04T05:49:57","date_gmt":"2021-01-04T05:49:57","guid":{"rendered":"http:\/\/www.hangzhiprecision.com\/?page_id=2377"},"modified":"2025-06-24T02:03:16","modified_gmt":"2025-06-24T02:03:16","slug":"testadores-eletricos-hangzhi","status":"publish","type":"page","link":"https:\/\/www.hangzhiprecision.com\/pt\/products\/hangzhi-electrical-testers\/","title":{"rendered":"Testadores el\u00e9tricos Hangzhi"},"content":{"rendered":"<div data-elementor-type=\"wp-page\" data-elementor-id=\"2377\" class=\"elementor elementor-2377\" data-elementor-post-type=\"page\">\n\t\t\t\t\t\t<section class=\"elementor-section elementor-top-section elementor-element elementor-element-763d13e elementor-section-boxed elementor-section-height-default elementor-section-height-default\" data-id=\"763d13e\" data-element_type=\"section\" data-e-type=\"section\">\n\t\t\t\t\t\t<div class=\"elementor-container elementor-column-gap-default\">\n\t\t\t\t\t<div class=\"elementor-column elementor-col-100 elementor-top-column elementor-element elementor-element-3012f0a\" data-id=\"3012f0a\" data-element_type=\"column\" data-e-type=\"column\">\n\t\t\t<div class=\"elementor-widget-wrap elementor-element-populated\">\n\t\t\t\t\t\t<div class=\"elementor-element elementor-element-14d678b elementor-widget elementor-widget-heading\" data-id=\"14d678b\" data-element_type=\"widget\" data-e-type=\"widget\" data-widget_type=\"heading.default\">\n\t\t\t\t<div class=\"elementor-widget-container\">\n\t\t\t\t\t<h2 class=\"elementor-heading-title elementor-size-default\">Testadores el\u00e9tricos Hangzhi<\/h2>\t\t\t\t<\/div>\n\t\t\t\t<\/div>\n\t\t\t\t<section class=\"elementor-section elementor-inner-section elementor-element elementor-element-8941999 elementor-section-boxed elementor-section-height-default elementor-section-height-default\" data-id=\"8941999\" data-element_type=\"section\" data-e-type=\"section\">\n\t\t\t\t\t\t<div class=\"elementor-container elementor-column-gap-default\">\n\t\t\t\t\t<div class=\"elementor-column elementor-col-50 elementor-inner-column elementor-element elementor-element-6f2b001\" data-id=\"6f2b001\" data-element_type=\"column\" data-e-type=\"column\">\n\t\t\t<div class=\"elementor-widget-wrap elementor-element-populated\">\n\t\t\t\t\t\t<div class=\"elementor-element elementor-element-6af414e elementor-position-top elementor-widget elementor-widget-image-box\" data-id=\"6af414e\" data-element_type=\"widget\" data-e-type=\"widget\" data-widget_type=\"image-box.default\">\n\t\t\t\t<div class=\"elementor-widget-container\">\n\t\t\t\t\t<div class=\"elementor-image-box-wrapper\"><figure class=\"elementor-image-box-img\"><img fetchpriority=\"high\" decoding=\"async\" width=\"600\" height=\"600\" src=\"https:\/\/www.hangzhiprecision.com\/wp-content\/uploads\/2020\/12\/HIU-Portrait.png\" class=\"attachment-2048x2048 size-2048x2048 wp-image-556\" alt=\"HIU AC DC TESTADOR DE CORRENTE DE ALTA PRECIS\u00c3O\" srcset=\"https:\/\/www.hangzhiprecision.com\/wp-content\/uploads\/2020\/12\/HIU-Portrait.png 600w, https:\/\/www.hangzhiprecision.com\/wp-content\/uploads\/2020\/12\/HIU-Portrait-300x300.png 300w, https:\/\/www.hangzhiprecision.com\/wp-content\/uploads\/2020\/12\/HIU-Portrait-150x150.png 150w\" sizes=\"(max-width: 600px) 100vw, 600px\" \/><\/figure><div class=\"elementor-image-box-content\"><h3 class=\"elementor-image-box-title\">Testador de corrente AC\/DC Hangzhi HIU<\/h3><\/div><\/div>\t\t\t\t<\/div>\n\t\t\t\t<\/div>\n\t\t\t\t<div class=\"elementor-element elementor-element-b708520 elementor-widget elementor-widget-text-editor\" data-id=\"b708520\" data-element_type=\"widget\" data-e-type=\"widget\" data-widget_type=\"text-editor.default\">\n\t\t\t\t<div class=\"elementor-widget-container\">\n\t\t\t\t\t\t\t\t\t<p>\u27a2 Pode medir tens\u00e3o monof\u00e1sica AC e DC, corrente, frequ\u00eancia, fase e pot\u00eancia ativa.<br \/>\u27a2 O teste de ondula\u00e7\u00e3o pode ser realizado para detectar ondula\u00e7\u00e3o AC abaixo de 1 kHz.<br \/>\u27a2 Equipado com interface de comunica\u00e7\u00e3o RS232, RS485 que pode se comunicar diretamente com o PC.<br \/>\u27a2 Tens\u00e3o, corrente e multi-faixa podem ser comutados automaticamente e podem medir o limite de 120%.<br \/>\u27a2 Equipado com LCD de 4,3 polegadas ou 5,6 polegadas.<br \/>\u27a2 Equipado com atualiza\u00e7\u00e3o online do firmware do produto.<\/p>\t\t\t\t\t\t\t\t<\/div>\n\t\t\t\t<\/div>\n\t\t\t\t<div class=\"elementor-element elementor-element-b7b7476 elementor-align-center elementor-widget elementor-widget-button\" data-id=\"b7b7476\" data-element_type=\"widget\" data-e-type=\"widget\" data-widget_type=\"button.default\">\n\t\t\t\t<div class=\"elementor-widget-container\">\n\t\t\t\t\t\t\t\t\t<div class=\"elementor-button-wrapper\">\n\t\t\t\t\t<a class=\"elementor-button elementor-button-link elementor-size-sm\" href=\"https:\/\/www.hangzhiprecision.com\/pt\/products\/hiu-ac-dc-high-precision-current-tester\/\">\n\t\t\t\t\t\t<span class=\"elementor-button-content-wrapper\">\n\t\t\t\t\t\t\t\t\t<span class=\"elementor-button-text\">Saber mais<\/span>\n\t\t\t\t\t<\/span>\n\t\t\t\t\t<\/a>\n\t\t\t\t<\/div>\n\t\t\t\t\t\t\t\t<\/div>\n\t\t\t\t<\/div>\n\t\t\t\t\t<\/div>\n\t\t<\/div>\n\t\t\t\t<div class=\"elementor-column elementor-col-50 elementor-inner-column elementor-element elementor-element-2b30bb2\" data-id=\"2b30bb2\" data-element_type=\"column\" data-e-type=\"column\">\n\t\t\t<div class=\"elementor-widget-wrap elementor-element-populated\">\n\t\t\t\t\t\t<div class=\"elementor-element elementor-element-7794225 elementor-position-top elementor-widget elementor-widget-image-box\" data-id=\"7794225\" data-element_type=\"widget\" data-e-type=\"widget\" data-widget_type=\"image-box.default\">\n\t\t\t\t<div class=\"elementor-widget-container\">\n\t\t\t\t\t<div class=\"elementor-image-box-wrapper\"><figure class=\"elementor-image-box-img\"><img decoding=\"async\" width=\"600\" height=\"600\" src=\"https:\/\/www.hangzhiprecision.com\/wp-content\/uploads\/2021\/01\/PSM-600BY600.png\" class=\"attachment-2048x2048 size-2048x2048 wp-image-2154\" alt=\"Testador padr\u00e3o AC\/DC port\u00e1til PSM\" srcset=\"https:\/\/www.hangzhiprecision.com\/wp-content\/uploads\/2021\/01\/PSM-600BY600.png 600w, https:\/\/www.hangzhiprecision.com\/wp-content\/uploads\/2021\/01\/PSM-600BY600-300x300.png 300w, https:\/\/www.hangzhiprecision.com\/wp-content\/uploads\/2021\/01\/PSM-600BY600-150x150.png 150w\" sizes=\"(max-width: 600px) 100vw, 600px\" \/><\/figure><div class=\"elementor-image-box-content\"><h3 class=\"elementor-image-box-title\">Testador padr\u00e3o el\u00e9trico port\u00e1til Hangzhi PSM<\/h3><\/div><\/div>\t\t\t\t<\/div>\n\t\t\t\t<\/div>\n\t\t\t\t<div class=\"elementor-element elementor-element-c2737a9 elementor-widget elementor-widget-text-editor\" data-id=\"c2737a9\" data-element_type=\"widget\" data-e-type=\"widget\" data-widget_type=\"text-editor.default\">\n\t\t\t\t<div class=\"elementor-widget-container\">\n\t\t\t\t\t\t\t\t\t<p><font style=\"vertical-align: inherit;\"><font style=\"vertical-align: inherit;\">\u27a2 Todos os recursos do testador HIUT<\/font><\/font><br><font style=\"vertical-align: inherit;\"><font style=\"vertical-align: inherit;\">\u27a2 Para detectar erro de energia e erro de tempo di\u00e1rio<\/font><\/font><br><font style=\"vertical-align: inherit;\"><font style=\"vertical-align: inherit;\">\u27a2 Realizar teste de energia el\u00e9trica<\/font><\/font><br><font style=\"vertical-align: inherit;\"><font style=\"vertical-align: inherit;\">\u27a2 Para registrar a curva em tempo real U(t), I(t), P(t), E(t)<\/font><\/font><br><font style=\"vertical-align: inherit;\"><font style=\"vertical-align: inherit;\">\u27a2 Para medir a estabilidade da tens\u00e3o CA e CC monof\u00e1sica, corrente e pot\u00eancia<\/font><\/font><br><font style=\"vertical-align: inherit;\"><font style=\"vertical-align: inherit;\">\u27a2 Para medir a distor\u00e7\u00e3o de tens\u00e3o e corrente, execute 2~63 an\u00e1lises harm\u00f4nicas, exiba componentes harm\u00f4nicos em tempo real, conte\u00fado harm\u00f4nico, distor\u00e7\u00e3o harm\u00f4nica, etc.<\/font><\/font><br><\/p>\t\t\t\t\t\t\t\t<\/div>\n\t\t\t\t<\/div>\n\t\t\t\t<div class=\"elementor-element elementor-element-b659f78 elementor-align-center elementor-widget elementor-widget-button\" data-id=\"b659f78\" data-element_type=\"widget\" data-e-type=\"widget\" data-widget_type=\"button.default\">\n\t\t\t\t<div class=\"elementor-widget-container\">\n\t\t\t\t\t\t\t\t\t<div class=\"elementor-button-wrapper\">\n\t\t\t\t\t<a class=\"elementor-button elementor-button-link elementor-size-sm\" href=\"https:\/\/www.hangzhiprecision.com\/pt\/products\/psm-electrical-standard-tester\/\">\n\t\t\t\t\t\t<span class=\"elementor-button-content-wrapper\">\n\t\t\t\t\t\t\t\t\t<span class=\"elementor-button-text\">Saber mais<\/span>\n\t\t\t\t\t<\/span>\n\t\t\t\t\t<\/a>\n\t\t\t\t<\/div>\n\t\t\t\t\t\t\t\t<\/div>\n\t\t\t\t<\/div>\n\t\t\t\t\t<\/div>\n\t\t<\/div>\n\t\t\t\t\t<\/div>\n\t\t<\/section>\n\t\t\t\t\t<\/div>\n\t\t<\/div>\n\t\t\t\t\t<\/div>\n\t\t<\/section>\n\t\t\t\t<\/div>","protected":false},"excerpt":{"rendered":"<p>Hangzhi Electrical Testers Hangzhi HIU AC \/ DC Current Tester \u27a2 It can measure single-phase AC and DC voltage, current, frequency, phase and active power.\u27a2 Ripple test can be performed to detect AC ripple below 1 kHz.\u27a2 Equipped with RS232, RS485 communication interface which can communicate directly with PC.\u27a2 Voltage, current and multi-range can be [&hellip;]<\/p>\n","protected":false},"author":1,"featured_media":0,"parent":886,"menu_order":0,"comment_status":"closed","ping_status":"closed","template":"","meta":{"om_disable_all_campaigns":false,"_monsterinsights_skip_tracking":false,"_monsterinsights_sitenote_active":false,"_monsterinsights_sitenote_note":"","_monsterinsights_sitenote_category":0,"site-sidebar-layout":"no-sidebar","site-content-layout":"page-builder","ast-site-content-layout":"default","site-content-style":"default","site-sidebar-style":"default","ast-global-header-display":"","ast-banner-title-visibility":"","ast-main-header-display":"","ast-hfb-above-header-display":"","ast-hfb-below-header-display":"","ast-hfb-mobile-header-display":"","site-post-title":"disabled","ast-breadcrumbs-content":"","ast-featured-img":"disabled","footer-sml-layout":"","ast-disable-related-posts":"","theme-transparent-header-meta":"default","adv-header-id-meta":"","stick-header-meta":"","header-above-stick-meta":"","header-main-stick-meta":"","header-below-stick-meta":"","astra-migrate-meta-layouts":"default","ast-page-background-enabled":"default","ast-page-background-meta":{"desktop":{"background-color":"","background-image":"","background-repeat":"repeat","background-position":"center center","background-size":"auto","background-attachment":"scroll","background-type":"","background-media":"","overlay-type":"","overlay-color":"","overlay-opacity":"","overlay-gradient":""},"tablet":{"background-color":"","background-image":"","background-repeat":"repeat","background-position":"center center","background-size":"auto","background-attachment":"scroll","background-type":"","background-media":"","overlay-type":"","overlay-color":"","overlay-opacity":"","overlay-gradient":""},"mobile":{"background-color":"","background-image":"","background-repeat":"repeat","background-position":"center center","background-size":"auto","background-attachment":"scroll","background-type":"","background-media":"","overlay-type":"","overlay-color":"","overlay-opacity":"","overlay-gradient":""}},"ast-content-background-meta":{"desktop":{"background-color":"var(--ast-global-color-5)","background-image":"","background-repeat":"repeat","background-position":"center center","background-size":"auto","background-attachment":"scroll","background-type":"","background-media":"","overlay-type":"","overlay-color":"","overlay-opacity":"","overlay-gradient":""},"tablet":{"background-color":"var(--ast-global-color-5)","background-image":"","background-repeat":"repeat","background-position":"center center","background-size":"auto","background-attachment":"scroll","background-type":"","background-media":"","overlay-type":"","overlay-color":"","overlay-opacity":"","overlay-gradient":""},"mobile":{"background-color":"var(--ast-global-color-5)","background-image":"","background-repeat":"repeat","background-position":"center center","background-size":"auto","background-attachment":"scroll","background-type":"","background-media":"","overlay-type":"","overlay-color":"","overlay-opacity":"","overlay-gradient":""}},"footnotes":""},"categories":[25,21],"tags":[],"class_list":["post-2377","page","type-page","status-publish","hentry","category-current-tester","category-hangzhi-products"],"aioseo_notices":[],"yoast_head":"<!-- This site is optimized with the Yoast SEO Premium plugin v21.2 (Yoast SEO v27.3) - https:\/\/yoast.com\/product\/yoast-seo-premium-wordpress\/ -->\n<title>Hangzhi Electrical Testers - Hangzhi Precision<\/title>\n<meta name=\"robots\" content=\"index, follow, max-snippet:-1, max-image-preview:large, max-video-preview:-1\" \/>\n<link rel=\"canonical\" href=\"https:\/\/www.hangzhiprecision.com\/pt\/products\/testadores-eletricos-hangzhi\/\" \/>\n<meta property=\"og:locale\" content=\"pt_PT\" \/>\n<meta property=\"og:type\" content=\"article\" \/>\n<meta property=\"og:title\" content=\"Hangzhi Electrical Testers\" \/>\n<meta property=\"og:description\" content=\"Hangzhi Electrical Testers Hangzhi HIU AC \/ DC Current Tester \u27a2 It can measure single-phase AC and DC voltage, current, frequency, phase and active power.\u27a2 Ripple test can be performed to detect AC ripple below 1 kHz.\u27a2 Equipped with RS232, RS485 communication interface which can communicate directly with PC.\u27a2 Voltage, current and multi-range can be [&hellip;]\" \/>\n<meta property=\"og:url\" content=\"https:\/\/www.hangzhiprecision.com\/pt\/products\/testadores-eletricos-hangzhi\/\" \/>\n<meta property=\"og:site_name\" content=\"Hangzhi Precision\" \/>\n<meta property=\"article:publisher\" content=\"https:\/\/www.facebook.com\/ShenzhenHangzhi\/\" \/>\n<meta property=\"article:modified_time\" content=\"2025-06-24T02:03:16+00:00\" \/>\n<meta property=\"og:image\" content=\"https:\/\/www.hangzhiprecision.com\/wp-content\/uploads\/2020\/12\/HIU-Portrait.png\" \/>\n\t<meta property=\"og:image:width\" content=\"600\" \/>\n\t<meta property=\"og:image:height\" content=\"600\" \/>\n\t<meta property=\"og:image:type\" content=\"image\/png\" \/>\n<meta name=\"twitter:card\" content=\"summary_large_image\" \/>\n<meta name=\"twitter:label1\" content=\"Tempo estimado de leitura\" \/>\n\t<meta name=\"twitter:data1\" content=\"2 minutos\" \/>\n<script type=\"application\/ld+json\" class=\"yoast-schema-graph\">{\"@context\":\"https:\\\/\\\/schema.org\",\"@graph\":[{\"@type\":\"WebPage\",\"@id\":\"https:\\\/\\\/www.hangzhiprecision.com\\\/products\\\/hangzhi-electrical-testers\\\/\",\"url\":\"https:\\\/\\\/www.hangzhiprecision.com\\\/products\\\/hangzhi-electrical-testers\\\/\",\"name\":\"Hangzhi Electrical Testers - Hangzhi Precision\",\"isPartOf\":{\"@id\":\"https:\\\/\\\/www.hangzhiprecision.com\\\/en\\\/#website\"},\"primaryImageOfPage\":{\"@id\":\"https:\\\/\\\/www.hangzhiprecision.com\\\/products\\\/hangzhi-electrical-testers\\\/#primaryimage\"},\"image\":{\"@id\":\"https:\\\/\\\/www.hangzhiprecision.com\\\/products\\\/hangzhi-electrical-testers\\\/#primaryimage\"},\"thumbnailUrl\":\"https:\\\/\\\/www.hangzhiprecision.com\\\/wp-content\\\/uploads\\\/2020\\\/12\\\/HIU-Portrait.png\",\"datePublished\":\"2021-01-04T05:49:57+00:00\",\"dateModified\":\"2025-06-24T02:03:16+00:00\",\"breadcrumb\":{\"@id\":\"https:\\\/\\\/www.hangzhiprecision.com\\\/products\\\/hangzhi-electrical-testers\\\/#breadcrumb\"},\"inLanguage\":\"pt-PT\",\"potentialAction\":[{\"@type\":\"ReadAction\",\"target\":[\"https:\\\/\\\/www.hangzhiprecision.com\\\/products\\\/hangzhi-electrical-testers\\\/\"]}]},{\"@type\":\"ImageObject\",\"inLanguage\":\"pt-PT\",\"@id\":\"https:\\\/\\\/www.hangzhiprecision.com\\\/products\\\/hangzhi-electrical-testers\\\/#primaryimage\",\"url\":\"https:\\\/\\\/www.hangzhiprecision.com\\\/wp-content\\\/uploads\\\/2020\\\/12\\\/HIU-Portrait.png\",\"contentUrl\":\"https:\\\/\\\/www.hangzhiprecision.com\\\/wp-content\\\/uploads\\\/2020\\\/12\\\/HIU-Portrait.png\"},{\"@type\":\"BreadcrumbList\",\"@id\":\"https:\\\/\\\/www.hangzhiprecision.com\\\/products\\\/hangzhi-electrical-testers\\\/#breadcrumb\",\"itemListElement\":[{\"@type\":\"ListItem\",\"position\":1,\"name\":\"Home\",\"item\":\"https:\\\/\\\/www.hangzhiprecision.com\\\/\"},{\"@type\":\"ListItem\",\"position\":2,\"name\":\"Fluxgate High Precision Current\\\/Voltage Transducer &amp; Tester\",\"item\":\"https:\\\/\\\/www.hangzhiprecision.com\\\/products\\\/\"},{\"@type\":\"ListItem\",\"position\":3,\"name\":\"Hangzhi Electrical Testers\"}]},{\"@type\":\"WebSite\",\"@id\":\"https:\\\/\\\/www.hangzhiprecision.com\\\/en\\\/#website\",\"url\":\"https:\\\/\\\/www.hangzhiprecision.com\\\/en\\\/\",\"name\":\"Hangzhi Precision\",\"description\":\"Hangzhi Precision\",\"publisher\":{\"@id\":\"https:\\\/\\\/www.hangzhiprecision.com\\\/en\\\/#organization\"},\"potentialAction\":[{\"@type\":\"SearchAction\",\"target\":{\"@type\":\"EntryPoint\",\"urlTemplate\":\"https:\\\/\\\/www.hangzhiprecision.com\\\/en\\\/?s={search_term_string}\"},\"query-input\":{\"@type\":\"PropertyValueSpecification\",\"valueRequired\":true,\"valueName\":\"search_term_string\"}}],\"inLanguage\":\"pt-PT\"},{\"@type\":\"Organization\",\"@id\":\"https:\\\/\\\/www.hangzhiprecision.com\\\/en\\\/#organization\",\"name\":\"Shenzhen Hangzhi Precision Electronics Co., Ltd.\",\"alternateName\":\"Hangzhi Precision\",\"url\":\"https:\\\/\\\/www.hangzhiprecision.com\\\/en\\\/\",\"logo\":{\"@type\":\"ImageObject\",\"inLanguage\":\"pt-PT\",\"@id\":\"https:\\\/\\\/www.hangzhiprecision.com\\\/en\\\/#\\\/schema\\\/logo\\\/image\\\/\",\"url\":\"https:\\\/\\\/www.hangzhiprecision.com\\\/wp-content\\\/uploads\\\/2023\\\/08\\\/logo-en-400x400-1.png\",\"contentUrl\":\"https:\\\/\\\/www.hangzhiprecision.com\\\/wp-content\\\/uploads\\\/2023\\\/08\\\/logo-en-400x400-1.png\",\"width\":400,\"height\":400,\"caption\":\"Shenzhen Hangzhi Precision Electronics Co., Ltd.\"},\"image\":{\"@id\":\"https:\\\/\\\/www.hangzhiprecision.com\\\/en\\\/#\\\/schema\\\/logo\\\/image\\\/\"},\"sameAs\":[\"https:\\\/\\\/www.facebook.com\\\/ShenzhenHangzhi\\\/\"]}]}<\/script>\n<!-- \/ Yoast SEO Premium plugin. -->","yoast_head_json":{"title":"Testadores el\u00e9tricos Hangzhi - Hangzhi Precision","robots":{"index":"index","follow":"follow","max-snippet":"max-snippet:-1","max-image-preview":"max-image-preview:large","max-video-preview":"max-video-preview:-1"},"canonical":"https:\/\/www.hangzhiprecision.com\/pt\/products\/testadores-eletricos-hangzhi\/","og_locale":"pt_PT","og_type":"article","og_title":"Hangzhi Electrical Testers","og_description":"Hangzhi Electrical Testers Hangzhi HIU AC \/ DC Current Tester \u27a2 It can measure single-phase AC and DC voltage, current, frequency, phase and active power.\u27a2 Ripple test can be performed to detect AC ripple below 1 kHz.\u27a2 Equipped with RS232, RS485 communication interface which can communicate directly with PC.\u27a2 Voltage, current and multi-range can be [&hellip;]","og_url":"https:\/\/www.hangzhiprecision.com\/pt\/products\/testadores-eletricos-hangzhi\/","og_site_name":"Hangzhi Precision","article_publisher":"https:\/\/www.facebook.com\/ShenzhenHangzhi\/","article_modified_time":"2025-06-24T02:03:16+00:00","og_image":[{"width":600,"height":600,"url":"https:\/\/www.hangzhiprecision.com\/wp-content\/uploads\/2020\/12\/HIU-Portrait.png","type":"image\/png"}],"twitter_card":"summary_large_image","twitter_misc":{"Tempo estimado de leitura":"2 minutos"},"schema":{"@context":"https:\/\/schema.org","@graph":[{"@type":"WebPage","@id":"https:\/\/www.hangzhiprecision.com\/products\/hangzhi-electrical-testers\/","url":"https:\/\/www.hangzhiprecision.com\/products\/hangzhi-electrical-testers\/","name":"Testadores el\u00e9tricos Hangzhi - Hangzhi Precision","isPartOf":{"@id":"https:\/\/www.hangzhiprecision.com\/en\/#website"},"primaryImageOfPage":{"@id":"https:\/\/www.hangzhiprecision.com\/products\/hangzhi-electrical-testers\/#primaryimage"},"image":{"@id":"https:\/\/www.hangzhiprecision.com\/products\/hangzhi-electrical-testers\/#primaryimage"},"thumbnailUrl":"https:\/\/www.hangzhiprecision.com\/wp-content\/uploads\/2020\/12\/HIU-Portrait.png","datePublished":"2021-01-04T05:49:57+00:00","dateModified":"2025-06-24T02:03:16+00:00","breadcrumb":{"@id":"https:\/\/www.hangzhiprecision.com\/products\/hangzhi-electrical-testers\/#breadcrumb"},"inLanguage":"pt-PT","potentialAction":[{"@type":"ReadAction","target":["https:\/\/www.hangzhiprecision.com\/products\/hangzhi-electrical-testers\/"]}]},{"@type":"ImageObject","inLanguage":"pt-PT","@id":"https:\/\/www.hangzhiprecision.com\/products\/hangzhi-electrical-testers\/#primaryimage","url":"https:\/\/www.hangzhiprecision.com\/wp-content\/uploads\/2020\/12\/HIU-Portrait.png","contentUrl":"https:\/\/www.hangzhiprecision.com\/wp-content\/uploads\/2020\/12\/HIU-Portrait.png"},{"@type":"BreadcrumbList","@id":"https:\/\/www.hangzhiprecision.com\/products\/hangzhi-electrical-testers\/#breadcrumb","itemListElement":[{"@type":"ListItem","position":1,"name":"Home","item":"https:\/\/www.hangzhiprecision.com\/"},{"@type":"ListItem","position":2,"name":"Fluxgate High Precision Current\/Voltage Transducer &amp; Tester","item":"https:\/\/www.hangzhiprecision.com\/products\/"},{"@type":"ListItem","position":3,"name":"Hangzhi Electrical Testers"}]},{"@type":"WebSite","@id":"https:\/\/www.hangzhiprecision.com\/en\/#website","url":"https:\/\/www.hangzhiprecision.com\/en\/","name":"Precis\u00e3o de Hangzhi","description":"Precis\u00e3o de Hangzhi","publisher":{"@id":"https:\/\/www.hangzhiprecision.com\/en\/#organization"},"potentialAction":[{"@type":"SearchAction","target":{"@type":"EntryPoint","urlTemplate":"https:\/\/www.hangzhiprecision.com\/en\/?s={search_term_string}"},"query-input":{"@type":"PropertyValueSpecification","valueRequired":true,"valueName":"search_term_string"}}],"inLanguage":"pt-PT"},{"@type":"Organization","@id":"https:\/\/www.hangzhiprecision.com\/en\/#organization","name":"Eletr\u00f4nica Co. da precis\u00e3o de Shenzhen Hangzhi, Ltd.","alternateName":"Hangzhi Precision","url":"https:\/\/www.hangzhiprecision.com\/en\/","logo":{"@type":"ImageObject","inLanguage":"pt-PT","@id":"https:\/\/www.hangzhiprecision.com\/en\/#\/schema\/logo\/image\/","url":"https:\/\/www.hangzhiprecision.com\/wp-content\/uploads\/2023\/08\/logo-en-400x400-1.png","contentUrl":"https:\/\/www.hangzhiprecision.com\/wp-content\/uploads\/2023\/08\/logo-en-400x400-1.png","width":400,"height":400,"caption":"Shenzhen Hangzhi Precision Electronics Co., Ltd."},"image":{"@id":"https:\/\/www.hangzhiprecision.com\/en\/#\/schema\/logo\/image\/"},"sameAs":["https:\/\/www.facebook.com\/ShenzhenHangzhi\/"]}]}},"_links":{"self":[{"href":"https:\/\/www.hangzhiprecision.com\/pt\/wp-json\/wp\/v2\/pages\/2377","targetHints":{"allow":["GET"]}}],"collection":[{"href":"https:\/\/www.hangzhiprecision.com\/pt\/wp-json\/wp\/v2\/pages"}],"about":[{"href":"https:\/\/www.hangzhiprecision.com\/pt\/wp-json\/wp\/v2\/types\/page"}],"author":[{"embeddable":true,"href":"https:\/\/www.hangzhiprecision.com\/pt\/wp-json\/wp\/v2\/users\/1"}],"replies":[{"embeddable":true,"href":"https:\/\/www.hangzhiprecision.com\/pt\/wp-json\/wp\/v2\/comments?post=2377"}],"version-history":[{"count":0,"href":"https:\/\/www.hangzhiprecision.com\/pt\/wp-json\/wp\/v2\/pages\/2377\/revisions"}],"up":[{"embeddable":true,"href":"https:\/\/www.hangzhiprecision.com\/pt\/wp-json\/wp\/v2\/pages\/886"}],"wp:attachment":[{"href":"https:\/\/www.hangzhiprecision.com\/pt\/wp-json\/wp\/v2\/media?parent=2377"}],"wp:term":[{"taxonomy":"category","embeddable":true,"href":"https:\/\/www.hangzhiprecision.com\/pt\/wp-json\/wp\/v2\/categories?post=2377"},{"taxonomy":"post_tag","embeddable":true,"href":"https:\/\/www.hangzhiprecision.com\/pt\/wp-json\/wp\/v2\/tags?post=2377"}],"curies":[{"name":"wp","href":"https:\/\/api.w.org\/{rel}","templated":true}]}}