{"id":2221,"date":"2021-01-04T04:34:01","date_gmt":"2021-01-04T04:34:01","guid":{"rendered":"http:\/\/www.hangzhiprecision.com\/?page_id=2221"},"modified":"2025-07-01T01:47:26","modified_gmt":"2025-07-01T01:47:26","slug":"apoio-suporte","status":"publish","type":"page","link":"https:\/\/www.hangzhiprecision.com\/pt\/support\/","title":{"rendered":"Apoio, suporte"},"content":{"rendered":"<div data-elementor-type=\"wp-page\" data-elementor-id=\"2221\" class=\"elementor elementor-2221\" data-elementor-post-type=\"page\">\n\t\t\t\t\t\t<section class=\"elementor-section elementor-top-section elementor-element elementor-element-a25127f elementor-section-height-min-height elementor-section-boxed elementor-section-height-default elementor-section-items-middle\" data-id=\"a25127f\" data-element_type=\"section\" data-e-type=\"section\" data-settings=\"{&quot;background_background&quot;:&quot;classic&quot;}\">\n\t\t\t\t\t\t\t<div class=\"elementor-background-overlay\"><\/div>\n\t\t\t\t\t\t\t<div class=\"elementor-container elementor-column-gap-default\">\n\t\t\t\t\t<div class=\"elementor-column elementor-col-100 elementor-top-column elementor-element elementor-element-f50099a\" data-id=\"f50099a\" data-element_type=\"column\" data-e-type=\"column\">\n\t\t\t<div class=\"elementor-widget-wrap elementor-element-populated\">\n\t\t\t\t\t\t<div class=\"elementor-element elementor-element-b06f9a1 elementor-widget elementor-widget-heading\" data-id=\"b06f9a1\" data-element_type=\"widget\" data-e-type=\"widget\" data-widget_type=\"heading.default\">\n\t\t\t\t<div class=\"elementor-widget-container\">\n\t\t\t\t\t<h1 class=\"elementor-heading-title elementor-size-default\">Apoio, suporte<\/h1>\t\t\t\t<\/div>\n\t\t\t\t<\/div>\n\t\t\t\t<div class=\"elementor-element elementor-element-ca8e1f3 elementor-widget elementor-widget-text-editor\" data-id=\"ca8e1f3\" data-element_type=\"widget\" data-e-type=\"widget\" data-widget_type=\"text-editor.default\">\n\t\t\t\t<div class=\"elementor-widget-container\">\n\t\t\t\t\t\t\t\t\t<p>Explore os recursos de suporte da Hangzhi Precision para obter assist\u00eancia especializada, guias t\u00e9cnicos e servi\u00e7o ao cliente para atender \u00e0s suas necessidades de engenharia de precis\u00e3o.<\/p>\t\t\t\t\t\t\t\t<\/div>\n\t\t\t\t<\/div>\n\t\t\t\t\t<\/div>\n\t\t<\/div>\n\t\t\t\t\t<\/div>\n\t\t<\/section>\n\t\t\t\t<section class=\"elementor-section elementor-top-section elementor-element elementor-element-4748e94 elementor-section-boxed elementor-section-height-default elementor-section-height-default\" data-id=\"4748e94\" data-element_type=\"section\" data-e-type=\"section\">\n\t\t\t\t\t\t<div class=\"elementor-container elementor-column-gap-default\">\n\t\t\t\t\t<div class=\"elementor-column elementor-col-100 elementor-top-column elementor-element elementor-element-51a4785\" data-id=\"51a4785\" data-element_type=\"column\" data-e-type=\"column\">\n\t\t\t<div class=\"elementor-widget-wrap elementor-element-populated\">\n\t\t\t\t\t\t<section class=\"elementor-section elementor-inner-section elementor-element elementor-element-51f9308 elementor-section-boxed elementor-section-height-default elementor-section-height-default\" data-id=\"51f9308\" data-element_type=\"section\" data-e-type=\"section\">\n\t\t\t\t\t\t<div class=\"elementor-container elementor-column-gap-default\">\n\t\t\t\t\t<div class=\"elementor-column elementor-col-25 elementor-inner-column elementor-element elementor-element-f0609fb\" data-id=\"f0609fb\" data-element_type=\"column\" data-e-type=\"column\">\n\t\t\t<div class=\"elementor-widget-wrap elementor-element-populated\">\n\t\t\t\t\t\t<div class=\"elementor-element elementor-element-0b16550 elementor-position-top elementor-widget elementor-widget-image-box\" data-id=\"0b16550\" data-element_type=\"widget\" data-e-type=\"widget\" data-widget_type=\"image-box.default\">\n\t\t\t\t<div class=\"elementor-widget-container\">\n\t\t\t\t\t<div class=\"elementor-image-box-wrapper\"><figure class=\"elementor-image-box-img\"><a href=\"https:\/\/www.hangzhiprecision.com\/pt\/apoio-suporte\/qa\/\" tabindex=\"-1\"><img decoding=\"async\" width=\"150\" height=\"150\" src=\"https:\/\/www.hangzhiprecision.com\/wp-content\/uploads\/2021\/01\/question.png\" class=\"attachment-full size-full wp-image-3666\" alt=\"\" \/><\/a><\/figure><div class=\"elementor-image-box-content\"><h3 class=\"elementor-image-box-title\"><a href=\"https:\/\/www.hangzhiprecision.com\/pt\/apoio-suporte\/qa\/\">Q &amp; A<\/a><\/h3><p class=\"elementor-image-box-description\">Perguntas e respostas frequentes. <\/p><\/div><\/div>\t\t\t\t<\/div>\n\t\t\t\t<\/div>\n\t\t\t\t\t<\/div>\n\t\t<\/div>\n\t\t\t\t<div class=\"elementor-column elementor-col-25 elementor-inner-column elementor-element elementor-element-f2794a1\" data-id=\"f2794a1\" data-element_type=\"column\" data-e-type=\"column\">\n\t\t\t<div class=\"elementor-widget-wrap elementor-element-populated\">\n\t\t\t\t\t\t<div class=\"elementor-element elementor-element-267e15d elementor-position-top elementor-widget elementor-widget-image-box\" data-id=\"267e15d\" data-element_type=\"widget\" data-e-type=\"widget\" data-widget_type=\"image-box.default\">\n\t\t\t\t<div class=\"elementor-widget-container\">\n\t\t\t\t\t<div class=\"elementor-image-box-wrapper\"><figure class=\"elementor-image-box-img\"><a href=\"https:\/\/www.hangzhiprecision.com\/pt\/apoio-suporte\/centro-de-download\/\" tabindex=\"-1\"><img decoding=\"async\" width=\"150\" height=\"150\" src=\"https:\/\/www.hangzhiprecision.com\/wp-content\/uploads\/2021\/01\/download.png\" class=\"attachment-full size-full wp-image-3643\" alt=\"\" \/><\/a><\/figure><div class=\"elementor-image-box-content\"><h3 class=\"elementor-image-box-title\"><a href=\"https:\/\/www.hangzhiprecision.com\/pt\/apoio-suporte\/centro-de-download\/\">Centro de downloads<\/a><\/h3><p class=\"elementor-image-box-description\">Centro de download de recursos para folhas de dados de produtos, manual do usu\u00e1rio e especifica\u00e7\u00f5es etc. <\/p><\/div><\/div>\t\t\t\t<\/div>\n\t\t\t\t<\/div>\n\t\t\t\t\t<\/div>\n\t\t<\/div>\n\t\t\t\t<div class=\"elementor-column elementor-col-25 elementor-inner-column elementor-element elementor-element-210bc2a\" data-id=\"210bc2a\" data-element_type=\"column\" data-e-type=\"column\">\n\t\t\t<div class=\"elementor-widget-wrap elementor-element-populated\">\n\t\t\t\t\t\t<div class=\"elementor-element elementor-element-d42290a elementor-position-top elementor-widget elementor-widget-image-box\" data-id=\"d42290a\" data-element_type=\"widget\" data-e-type=\"widget\" data-widget_type=\"image-box.default\">\n\t\t\t\t<div class=\"elementor-widget-container\">\n\t\t\t\t\t<div class=\"elementor-image-box-wrapper\"><figure class=\"elementor-image-box-img\"><a href=\"https:\/\/www.hangzhiprecision.com\/pt\/entre-em-contato-com-nossos-especialistas\/\" tabindex=\"-1\"><img decoding=\"async\" width=\"150\" height=\"150\" src=\"https:\/\/www.hangzhiprecision.com\/wp-content\/uploads\/2021\/01\/contact-us.png\" class=\"attachment-full size-full wp-image-3642\" alt=\"\" \/><\/a><\/figure><div class=\"elementor-image-box-content\"><h3 class=\"elementor-image-box-title\"><a href=\"https:\/\/www.hangzhiprecision.com\/pt\/entre-em-contato-com-nossos-especialistas\/\">Entre em contato com nossos especialistas<\/a><\/h3><p class=\"elementor-image-box-description\">Deixe uma mensagem para nossos especialistas e responderemos sua pergunta o mais r\u00e1pido poss\u00edvel. <\/p><\/div><\/div>\t\t\t\t<\/div>\n\t\t\t\t<\/div>\n\t\t\t\t\t<\/div>\n\t\t<\/div>\n\t\t\t\t<div class=\"elementor-column elementor-col-25 elementor-inner-column elementor-element elementor-element-e668116\" data-id=\"e668116\" data-element_type=\"column\" data-e-type=\"column\">\n\t\t\t<div class=\"elementor-widget-wrap elementor-element-populated\">\n\t\t\t\t\t\t<div class=\"elementor-element elementor-element-0f2bfa8 elementor-position-top elementor-widget elementor-widget-image-box\" data-id=\"0f2bfa8\" data-element_type=\"widget\" data-e-type=\"widget\" data-widget_type=\"image-box.default\">\n\t\t\t\t<div class=\"elementor-widget-container\">\n\t\t\t\t\t<div class=\"elementor-image-box-wrapper\"><figure class=\"elementor-image-box-img\"><a href=\"https:\/\/www.hangzhiprecision.com\/pt\/apoio-suporte\/estudos-de-caso\/\" tabindex=\"-1\"><img loading=\"lazy\" decoding=\"async\" width=\"150\" height=\"150\" src=\"https:\/\/www.hangzhiprecision.com\/wp-content\/uploads\/2021\/01\/511222-200.png\" class=\"attachment-full size-full wp-image-3641\" alt=\"\" \/><\/a><\/figure><div class=\"elementor-image-box-content\"><h3 class=\"elementor-image-box-title\"><a href=\"https:\/\/www.hangzhiprecision.com\/pt\/apoio-suporte\/estudos-de-caso\/\">Estudos de caso<\/a><\/h3><p class=\"elementor-image-box-description\">Mais detalhes sobre os estudos de caso de medi\u00e7\u00e3o atuais. <\/p><\/div><\/div>\t\t\t\t<\/div>\n\t\t\t\t<\/div>\n\t\t\t\t\t<\/div>\n\t\t<\/div>\n\t\t\t\t\t<\/div>\n\t\t<\/section>\n\t\t\t\t\t<\/div>\n\t\t<\/div>\n\t\t\t\t\t<\/div>\n\t\t<\/section>\n\t\t\t\t<\/div>","protected":false},"excerpt":{"rendered":"<p>Support Explore support resources at Hangzhi Precision for expert assistance, technical guides, and customer service to meet your precision engineering needs. Q &#038; A Frequently asked question and answers. Download Center Resource download center for products datasheets, user manual and specifications etc. Contact Our Experts Leave a message to our experts and we will get [&hellip;]<\/p>\n","protected":false},"author":1,"featured_media":0,"parent":0,"menu_order":0,"comment_status":"closed","ping_status":"closed","template":"","meta":{"om_disable_all_campaigns":false,"_monsterinsights_skip_tracking":false,"_monsterinsights_sitenote_active":false,"_monsterinsights_sitenote_note":"","_monsterinsights_sitenote_category":0,"site-sidebar-layout":"no-sidebar","site-content-layout":"page-builder","ast-site-content-layout":"full-width-container","site-content-style":"unboxed","site-sidebar-style":"unboxed","ast-global-header-display":"","ast-banner-title-visibility":"","ast-main-header-display":"","ast-hfb-above-header-display":"","ast-hfb-below-header-display":"","ast-hfb-mobile-header-display":"","site-post-title":"disabled","ast-breadcrumbs-content":"","ast-featured-img":"disabled","footer-sml-layout":"","ast-disable-related-posts":"","theme-transparent-header-meta":"default","adv-header-id-meta":"","stick-header-meta":"","header-above-stick-meta":"","header-main-stick-meta":"","header-below-stick-meta":"","astra-migrate-meta-layouts":"set","ast-page-background-enabled":"default","ast-page-background-meta":{"desktop":{"background-color":"","background-image":"","background-repeat":"repeat","background-position":"center center","background-size":"auto","background-attachment":"scroll","background-type":"","background-media":"","overlay-type":"","overlay-color":"","overlay-opacity":"","overlay-gradient":""},"tablet":{"background-color":"","background-image":"","background-repeat":"repeat","background-position":"center center","background-size":"auto","background-attachment":"scroll","background-type":"","background-media":"","overlay-type":"","overlay-color":"","overlay-opacity":"","overlay-gradient":""},"mobile":{"background-color":"","background-image":"","background-repeat":"repeat","background-position":"center center","background-size":"auto","background-attachment":"scroll","background-type":"","background-media":"","overlay-type":"","overlay-color":"","overlay-opacity":"","overlay-gradient":""}},"ast-content-background-meta":{"desktop":{"background-color":"var(--ast-global-color-5)","background-image":"","background-repeat":"repeat","background-position":"center center","background-size":"auto","background-attachment":"scroll","background-type":"","background-media":"","overlay-type":"","overlay-color":"","overlay-opacity":"","overlay-gradient":""},"tablet":{"background-color":"var(--ast-global-color-5)","background-image":"","background-repeat":"repeat","background-position":"center center","background-size":"auto","background-attachment":"scroll","background-type":"","background-media":"","overlay-type":"","overlay-color":"","overlay-opacity":"","overlay-gradient":""},"mobile":{"background-color":"var(--ast-global-color-5)","background-image":"","background-repeat":"repeat","background-position":"center center","background-size":"auto","background-attachment":"scroll","background-type":"","background-media":"","overlay-type":"","overlay-color":"","overlay-opacity":"","overlay-gradient":""}},"footnotes":""},"categories":[],"tags":[],"class_list":["post-2221","page","type-page","status-publish","hentry"],"aioseo_notices":[],"yoast_head":"<!-- This site is optimized with the Yoast SEO Premium plugin v21.2 (Yoast SEO v27.3) - https:\/\/yoast.com\/product\/yoast-seo-premium-wordpress\/ -->\n<title>Support - Hangzhi Precision<\/title>\n<meta name=\"description\" content=\"Support Q&amp;A. Download Center Resource download center for products datasheets, user manual and specifications etc. Contact Our Experts\" \/>\n<meta name=\"robots\" content=\"index, follow, max-snippet:-1, max-image-preview:large, max-video-preview:-1\" \/>\n<link rel=\"canonical\" href=\"https:\/\/www.hangzhiprecision.com\/pt\/apoio-suporte\/\" \/>\n<meta property=\"og:locale\" content=\"pt_PT\" \/>\n<meta property=\"og:type\" content=\"article\" \/>\n<meta property=\"og:title\" content=\"Support\" \/>\n<meta property=\"og:description\" content=\"Support Q&amp;A. Download Center Resource download center for products datasheets, user manual and specifications etc. Contact Our Experts\" \/>\n<meta property=\"og:url\" content=\"https:\/\/www.hangzhiprecision.com\/pt\/apoio-suporte\/\" \/>\n<meta property=\"og:site_name\" content=\"Hangzhi Precision\" \/>\n<meta property=\"article:publisher\" content=\"https:\/\/www.facebook.com\/ShenzhenHangzhi\/\" \/>\n<meta property=\"article:modified_time\" content=\"2025-07-01T01:47:26+00:00\" \/>\n<meta property=\"og:image\" content=\"https:\/\/www.hangzhiprecision.com\/wp-content\/uploads\/2021\/01\/question.png\" \/>\n\t<meta property=\"og:image:width\" content=\"150\" \/>\n\t<meta property=\"og:image:height\" content=\"150\" \/>\n\t<meta property=\"og:image:type\" content=\"image\/png\" \/>\n<meta name=\"twitter:card\" content=\"summary_large_image\" \/>\n<meta name=\"twitter:label1\" content=\"Tempo estimado de leitura\" \/>\n\t<meta name=\"twitter:data1\" content=\"2 minutos\" \/>\n<script type=\"application\/ld+json\" class=\"yoast-schema-graph\">{\"@context\":\"https:\\\/\\\/schema.org\",\"@graph\":[{\"@type\":\"WebPage\",\"@id\":\"https:\\\/\\\/www.hangzhiprecision.com\\\/support\\\/\",\"url\":\"https:\\\/\\\/www.hangzhiprecision.com\\\/support\\\/\",\"name\":\"Support - Hangzhi Precision\",\"isPartOf\":{\"@id\":\"https:\\\/\\\/www.hangzhiprecision.com\\\/en\\\/#website\"},\"primaryImageOfPage\":{\"@id\":\"https:\\\/\\\/www.hangzhiprecision.com\\\/support\\\/#primaryimage\"},\"image\":{\"@id\":\"https:\\\/\\\/www.hangzhiprecision.com\\\/support\\\/#primaryimage\"},\"thumbnailUrl\":\"https:\\\/\\\/www.hangzhiprecision.com\\\/wp-content\\\/uploads\\\/2021\\\/01\\\/question.png\",\"datePublished\":\"2021-01-04T04:34:01+00:00\",\"dateModified\":\"2025-07-01T01:47:26+00:00\",\"description\":\"Support Q&A. Download Center Resource download center for products datasheets, user manual and specifications etc. Contact Our Experts\",\"breadcrumb\":{\"@id\":\"https:\\\/\\\/www.hangzhiprecision.com\\\/support\\\/#breadcrumb\"},\"inLanguage\":\"pt-PT\",\"potentialAction\":[{\"@type\":\"ReadAction\",\"target\":[\"https:\\\/\\\/www.hangzhiprecision.com\\\/support\\\/\"]}]},{\"@type\":\"ImageObject\",\"inLanguage\":\"pt-PT\",\"@id\":\"https:\\\/\\\/www.hangzhiprecision.com\\\/support\\\/#primaryimage\",\"url\":\"https:\\\/\\\/www.hangzhiprecision.com\\\/wp-content\\\/uploads\\\/2021\\\/01\\\/question.png\",\"contentUrl\":\"https:\\\/\\\/www.hangzhiprecision.com\\\/wp-content\\\/uploads\\\/2021\\\/01\\\/question.png\"},{\"@type\":\"BreadcrumbList\",\"@id\":\"https:\\\/\\\/www.hangzhiprecision.com\\\/support\\\/#breadcrumb\",\"itemListElement\":[{\"@type\":\"ListItem\",\"position\":1,\"name\":\"Home\",\"item\":\"https:\\\/\\\/www.hangzhiprecision.com\\\/\"},{\"@type\":\"ListItem\",\"position\":2,\"name\":\"Support\"}]},{\"@type\":\"WebSite\",\"@id\":\"https:\\\/\\\/www.hangzhiprecision.com\\\/en\\\/#website\",\"url\":\"https:\\\/\\\/www.hangzhiprecision.com\\\/en\\\/\",\"name\":\"Hangzhi Precision\",\"description\":\"Hangzhi Precision\",\"publisher\":{\"@id\":\"https:\\\/\\\/www.hangzhiprecision.com\\\/en\\\/#organization\"},\"potentialAction\":[{\"@type\":\"SearchAction\",\"target\":{\"@type\":\"EntryPoint\",\"urlTemplate\":\"https:\\\/\\\/www.hangzhiprecision.com\\\/en\\\/?s={search_term_string}\"},\"query-input\":{\"@type\":\"PropertyValueSpecification\",\"valueRequired\":true,\"valueName\":\"search_term_string\"}}],\"inLanguage\":\"pt-PT\"},{\"@type\":\"Organization\",\"@id\":\"https:\\\/\\\/www.hangzhiprecision.com\\\/en\\\/#organization\",\"name\":\"Shenzhen Hangzhi Precision Electronics Co., Ltd.\",\"alternateName\":\"Hangzhi Precision\",\"url\":\"https:\\\/\\\/www.hangzhiprecision.com\\\/en\\\/\",\"logo\":{\"@type\":\"ImageObject\",\"inLanguage\":\"pt-PT\",\"@id\":\"https:\\\/\\\/www.hangzhiprecision.com\\\/en\\\/#\\\/schema\\\/logo\\\/image\\\/\",\"url\":\"https:\\\/\\\/www.hangzhiprecision.com\\\/wp-content\\\/uploads\\\/2023\\\/08\\\/logo-en-400x400-1.png\",\"contentUrl\":\"https:\\\/\\\/www.hangzhiprecision.com\\\/wp-content\\\/uploads\\\/2023\\\/08\\\/logo-en-400x400-1.png\",\"width\":400,\"height\":400,\"caption\":\"Shenzhen Hangzhi Precision Electronics Co., Ltd.\"},\"image\":{\"@id\":\"https:\\\/\\\/www.hangzhiprecision.com\\\/en\\\/#\\\/schema\\\/logo\\\/image\\\/\"},\"sameAs\":[\"https:\\\/\\\/www.facebook.com\\\/ShenzhenHangzhi\\\/\"]}]}<\/script>\n<!-- \/ Yoast SEO Premium plugin. -->","yoast_head_json":{"title":"Suporte - Precis\u00e3o Hangzhi","description":"Support Q&A. Download Center Resource download center for products datasheets, user manual and specifications etc. Contact Our Experts","robots":{"index":"index","follow":"follow","max-snippet":"max-snippet:-1","max-image-preview":"max-image-preview:large","max-video-preview":"max-video-preview:-1"},"canonical":"https:\/\/www.hangzhiprecision.com\/pt\/apoio-suporte\/","og_locale":"pt_PT","og_type":"article","og_title":"Support","og_description":"Support Q&A. Download Center Resource download center for products datasheets, user manual and specifications etc. Contact Our Experts","og_url":"https:\/\/www.hangzhiprecision.com\/pt\/apoio-suporte\/","og_site_name":"Hangzhi Precision","article_publisher":"https:\/\/www.facebook.com\/ShenzhenHangzhi\/","article_modified_time":"2025-07-01T01:47:26+00:00","og_image":[{"width":150,"height":150,"url":"https:\/\/www.hangzhiprecision.com\/wp-content\/uploads\/2021\/01\/question.png","type":"image\/png"}],"twitter_card":"summary_large_image","twitter_misc":{"Tempo estimado de leitura":"2 minutos"},"schema":{"@context":"https:\/\/schema.org","@graph":[{"@type":"WebPage","@id":"https:\/\/www.hangzhiprecision.com\/support\/","url":"https:\/\/www.hangzhiprecision.com\/support\/","name":"Suporte - Precis\u00e3o Hangzhi","isPartOf":{"@id":"https:\/\/www.hangzhiprecision.com\/en\/#website"},"primaryImageOfPage":{"@id":"https:\/\/www.hangzhiprecision.com\/support\/#primaryimage"},"image":{"@id":"https:\/\/www.hangzhiprecision.com\/support\/#primaryimage"},"thumbnailUrl":"https:\/\/www.hangzhiprecision.com\/wp-content\/uploads\/2021\/01\/question.png","datePublished":"2021-01-04T04:34:01+00:00","dateModified":"2025-07-01T01:47:26+00:00","description":"Support Q&A. Download Center Resource download center for products datasheets, user manual and specifications etc. Contact Our Experts","breadcrumb":{"@id":"https:\/\/www.hangzhiprecision.com\/support\/#breadcrumb"},"inLanguage":"pt-PT","potentialAction":[{"@type":"ReadAction","target":["https:\/\/www.hangzhiprecision.com\/support\/"]}]},{"@type":"ImageObject","inLanguage":"pt-PT","@id":"https:\/\/www.hangzhiprecision.com\/support\/#primaryimage","url":"https:\/\/www.hangzhiprecision.com\/wp-content\/uploads\/2021\/01\/question.png","contentUrl":"https:\/\/www.hangzhiprecision.com\/wp-content\/uploads\/2021\/01\/question.png"},{"@type":"BreadcrumbList","@id":"https:\/\/www.hangzhiprecision.com\/support\/#breadcrumb","itemListElement":[{"@type":"ListItem","position":1,"name":"Home","item":"https:\/\/www.hangzhiprecision.com\/"},{"@type":"ListItem","position":2,"name":"Support"}]},{"@type":"WebSite","@id":"https:\/\/www.hangzhiprecision.com\/en\/#website","url":"https:\/\/www.hangzhiprecision.com\/en\/","name":"Precis\u00e3o de Hangzhi","description":"Precis\u00e3o de Hangzhi","publisher":{"@id":"https:\/\/www.hangzhiprecision.com\/en\/#organization"},"potentialAction":[{"@type":"SearchAction","target":{"@type":"EntryPoint","urlTemplate":"https:\/\/www.hangzhiprecision.com\/en\/?s={search_term_string}"},"query-input":{"@type":"PropertyValueSpecification","valueRequired":true,"valueName":"search_term_string"}}],"inLanguage":"pt-PT"},{"@type":"Organization","@id":"https:\/\/www.hangzhiprecision.com\/en\/#organization","name":"Eletr\u00f4nica Co. da precis\u00e3o de Shenzhen Hangzhi, Ltd.","alternateName":"Hangzhi Precision","url":"https:\/\/www.hangzhiprecision.com\/en\/","logo":{"@type":"ImageObject","inLanguage":"pt-PT","@id":"https:\/\/www.hangzhiprecision.com\/en\/#\/schema\/logo\/image\/","url":"https:\/\/www.hangzhiprecision.com\/wp-content\/uploads\/2023\/08\/logo-en-400x400-1.png","contentUrl":"https:\/\/www.hangzhiprecision.com\/wp-content\/uploads\/2023\/08\/logo-en-400x400-1.png","width":400,"height":400,"caption":"Shenzhen Hangzhi Precision Electronics Co., Ltd."},"image":{"@id":"https:\/\/www.hangzhiprecision.com\/en\/#\/schema\/logo\/image\/"},"sameAs":["https:\/\/www.facebook.com\/ShenzhenHangzhi\/"]}]}},"_links":{"self":[{"href":"https:\/\/www.hangzhiprecision.com\/pt\/wp-json\/wp\/v2\/pages\/2221","targetHints":{"allow":["GET"]}}],"collection":[{"href":"https:\/\/www.hangzhiprecision.com\/pt\/wp-json\/wp\/v2\/pages"}],"about":[{"href":"https:\/\/www.hangzhiprecision.com\/pt\/wp-json\/wp\/v2\/types\/page"}],"author":[{"embeddable":true,"href":"https:\/\/www.hangzhiprecision.com\/pt\/wp-json\/wp\/v2\/users\/1"}],"replies":[{"embeddable":true,"href":"https:\/\/www.hangzhiprecision.com\/pt\/wp-json\/wp\/v2\/comments?post=2221"}],"version-history":[{"count":0,"href":"https:\/\/www.hangzhiprecision.com\/pt\/wp-json\/wp\/v2\/pages\/2221\/revisions"}],"wp:attachment":[{"href":"https:\/\/www.hangzhiprecision.com\/pt\/wp-json\/wp\/v2\/media?parent=2221"}],"wp:term":[{"taxonomy":"category","embeddable":true,"href":"https:\/\/www.hangzhiprecision.com\/pt\/wp-json\/wp\/v2\/categories?post=2221"},{"taxonomy":"post_tag","embeddable":true,"href":"https:\/\/www.hangzhiprecision.com\/pt\/wp-json\/wp\/v2\/tags?post=2221"}],"curies":[{"name":"wp","href":"https:\/\/api.w.org\/{rel}","templated":true}]}}