{"id":4357,"date":"2022-01-23T06:13:49","date_gmt":"2022-01-23T06:13:49","guid":{"rendered":"https:\/\/www.hangzhiprecision.com\/?page_id=4357"},"modified":"2025-06-16T08:09:46","modified_gmt":"2025-06-16T08:09:46","slug":"centro-de-conocimiento","status":"publish","type":"page","link":"https:\/\/www.hangzhiprecision.com\/es\/support\/knowledge-center\/","title":{"rendered":"Centro de Conocimiento"},"content":{"rendered":"<div data-elementor-type=\"wp-page\" data-elementor-id=\"4357\" class=\"elementor elementor-4357\" data-elementor-post-type=\"page\">\n\t\t\t\t\t\t<section class=\"elementor-section elementor-top-section elementor-element elementor-element-dfb2c7d elementor-section-height-min-height elementor-section-boxed elementor-section-height-default elementor-section-items-middle\" data-id=\"dfb2c7d\" data-element_type=\"section\" data-e-type=\"section\" data-settings=\"{&quot;background_background&quot;:&quot;classic&quot;}\">\n\t\t\t\t\t\t\t<div class=\"elementor-background-overlay\"><\/div>\n\t\t\t\t\t\t\t<div class=\"elementor-container elementor-column-gap-default\">\n\t\t\t\t\t<div class=\"elementor-column elementor-col-100 elementor-top-column elementor-element elementor-element-a2fc91b\" data-id=\"a2fc91b\" data-element_type=\"column\" data-e-type=\"column\">\n\t\t\t<div class=\"elementor-widget-wrap elementor-element-populated\">\n\t\t\t\t\t\t<div class=\"elementor-element elementor-element-4e1c926 elementor-widget elementor-widget-heading\" data-id=\"4e1c926\" data-element_type=\"widget\" data-e-type=\"widget\" data-widget_type=\"heading.default\">\n\t\t\t\t<div class=\"elementor-widget-container\">\n\t\t\t\t\t<h1 class=\"elementor-heading-title elementor-size-default\">Centro de Conocimiento<\/h1>\t\t\t\t<\/div>\n\t\t\t\t<\/div>\n\t\t\t\t<div class=\"elementor-element elementor-element-4428566 elementor-invisible elementor-widget elementor-widget-heading\" data-id=\"4428566\" data-element_type=\"widget\" data-e-type=\"widget\" data-settings=\"{&quot;_animation&quot;:&quot;fadeInDown&quot;}\" data-widget_type=\"heading.default\">\n\t\t\t\t<div class=\"elementor-widget-container\">\n\t\t\t\t\t<h5 class=\"elementor-heading-title elementor-size-default\">Compartiendo el conocimiento de las mediciones actuales<\/h5>\t\t\t\t<\/div>\n\t\t\t\t<\/div>\n\t\t\t\t\t<\/div>\n\t\t<\/div>\n\t\t\t\t\t<\/div>\n\t\t<\/section>\n\t\t\t\t<section class=\"elementor-section elementor-top-section elementor-element elementor-element-2c44b75 elementor-section-boxed elementor-section-height-default elementor-section-height-default\" data-id=\"2c44b75\" data-element_type=\"section\" data-e-type=\"section\">\n\t\t\t\t\t\t<div class=\"elementor-container elementor-column-gap-default\">\n\t\t\t\t\t<div class=\"elementor-column elementor-col-100 elementor-top-column elementor-element elementor-element-dbe8be4\" data-id=\"dbe8be4\" data-element_type=\"column\" data-e-type=\"column\">\n\t\t\t<div class=\"elementor-widget-wrap elementor-element-populated\">\n\t\t\t\t\t\t<div class=\"elementor-element elementor-element-df3b11e elementor-grid-1 elementor-posts--thumbnail-right elementor-grid-tablet-2 elementor-grid-mobile-1 elementor-widget elementor-widget-posts\" data-id=\"df3b11e\" data-element_type=\"widget\" data-e-type=\"widget\" data-settings=\"{&quot;classic_columns&quot;:&quot;1&quot;,&quot;pagination_type&quot;:&quot;numbers&quot;,&quot;classic_columns_tablet&quot;:&quot;2&quot;,&quot;classic_columns_mobile&quot;:&quot;1&quot;,&quot;classic_row_gap&quot;:{&quot;unit&quot;:&quot;px&quot;,&quot;size&quot;:35,&quot;sizes&quot;:[]},&quot;classic_row_gap_tablet&quot;:{&quot;unit&quot;:&quot;px&quot;,&quot;size&quot;:&quot;&quot;,&quot;sizes&quot;:[]},&quot;classic_row_gap_mobile&quot;:{&quot;unit&quot;:&quot;px&quot;,&quot;size&quot;:&quot;&quot;,&quot;sizes&quot;:[]}}\" data-widget_type=\"posts.classic\">\n\t\t\t\t<div class=\"elementor-widget-container\">\n\t\t\t\t\t\t\t<div class=\"elementor-posts-container elementor-posts elementor-posts--skin-classic elementor-grid\" role=\"list\">\n\t\t\t\t<article class=\"elementor-post elementor-grid-item post-5394 post type-post status-publish format-standard hentry category-knowledge-center\" role=\"listitem\">\n\t\t\t\t<div class=\"elementor-post__text\">\n\t\t\t\t<h3 class=\"elementor-post__title\">\n\t\t\t<a href=\"https:\/\/www.hangzhiprecision.com\/es\/knowledge-center\/what-is-voltage-transducer\/\" target=\"&quot;_blank&quot;\">\n\t\t\t\t\u00bfQu\u00e9 es el transductor de voltaje?\t\t\t<\/a>\n\t\t<\/h3>\n\t\t\t\t<div class=\"elementor-post__meta-data\">\n\t\t\t\t\t<span class=\"elementor-post-date\">\n\t\t\tagosto 24, 2023\t\t<\/span>\n\t\t\t\t<\/div>\n\t\t\t\t<div class=\"elementor-post__excerpt\">\n\t\t\t<p>Qu\u00e9 es un sensor de tensi\u00f3n o transductor de tensi\u00f3n Un sensor de tensi\u00f3n o transductor de tensi\u00f3n es un dispositivo que convierte la tensi\u00f3n de CA, la tensi\u00f3n de CC y la tensi\u00f3n de impulsos medidas en una tensi\u00f3n de CC o una corriente de CC de salida linealmente proporcional, y a\u00edsla y emite se\u00f1ales anal\u00f3gicas o digitales. Los transductores de tensi\u00f3n son esenciales en<\/p>\n\t\t<\/div>\n\t\t\n\t\t<a class=\"elementor-post__read-more\" href=\"https:\/\/www.hangzhiprecision.com\/es\/knowledge-center\/what-is-voltage-transducer\/\" aria-label=\"M\u00e1s informaci\u00f3n sobre What is voltage transducer\" tabindex=\"-1\" target=\"_blank\">\n\t\t\tLeer m\u00e1s \u00bb\t\t<\/a>\n\n\t\t\t\t<\/div>\n\t\t\t\t<\/article>\n\t\t\t\t<article class=\"elementor-post elementor-grid-item post-5229 post type-post status-publish format-standard hentry category-knowledge-center\" role=\"listitem\">\n\t\t\t\t<div class=\"elementor-post__text\">\n\t\t\t\t<h3 class=\"elementor-post__title\">\n\t\t\t<a href=\"https:\/\/www.hangzhiprecision.com\/es\/knowledge-center\/current-transducer-vs-current-transformer\/\" target=\"&quot;_blank&quot;\">\n\t\t\t\tTransductor de corriente vs transformador de corriente\t\t\t<\/a>\n\t\t<\/h3>\n\t\t\t\t<div class=\"elementor-post__meta-data\">\n\t\t\t\t\t<span class=\"elementor-post-date\">\n\t\t\tagosto 23, 2023\t\t<\/span>\n\t\t\t\t<\/div>\n\t\t\t\t<div class=\"elementor-post__excerpt\">\n\t\t\t<p>\u00bfCu\u00e1les son las diferencias entre transductores de corriente y transformadores de corriente? Los transductores de corriente y los transformadores de corriente se utilizan para medir corrientes el\u00e9ctricas; sin embargo, exhiben distinciones en t\u00e9rminos de sus principios operativos, aplicaciones y rasgos inherentes. Transductores de corriente Transformador de corriente 1. Principio de funcionamiento del transformador de corriente y del transductor de corriente:<\/p>\n\t\t<\/div>\n\t\t\n\t\t<a class=\"elementor-post__read-more\" href=\"https:\/\/www.hangzhiprecision.com\/es\/knowledge-center\/current-transducer-vs-current-transformer\/\" aria-label=\"M\u00e1s informaci\u00f3n sobre Current transducer vs current transformer\" tabindex=\"-1\" target=\"_blank\">\n\t\t\tLeer m\u00e1s \u00bb\t\t<\/a>\n\n\t\t\t\t<\/div>\n\t\t\t\t<\/article>\n\t\t\t\t<article class=\"elementor-post elementor-grid-item post-5227 post type-post status-publish format-standard has-post-thumbnail hentry category-knowledge-center\" role=\"listitem\">\n\t\t\t\t<a class=\"elementor-post__thumbnail__link\" href=\"https:\/\/www.hangzhiprecision.com\/es\/knowledge-center\/what-are-the-differences-between-fluxgate-and-hall-effect-current-transducers\/\" tabindex=\"-1\" target=\"&quot;_blank&quot;\">\n\t\t\t<div class=\"elementor-post__thumbnail\"><img fetchpriority=\"high\" decoding=\"async\" width=\"300\" height=\"300\" src=\"https:\/\/www.hangzhiprecision.com\/wp-content\/uploads\/2020\/09\/HIT-50-300-300x300.png\" class=\"attachment-medium size-medium wp-image-37\" alt=\"Sensor de corriente de efecto Hall HIT 50-300\" srcset=\"https:\/\/www.hangzhiprecision.com\/wp-content\/uploads\/2020\/09\/HIT-50-300-300x300.png 300w, https:\/\/www.hangzhiprecision.com\/wp-content\/uploads\/2020\/09\/HIT-50-300-150x150.png 150w, https:\/\/www.hangzhiprecision.com\/wp-content\/uploads\/2020\/09\/HIT-50-300.png 600w\" sizes=\"(max-width: 300px) 100vw, 300px\" \/><\/div>\n\t\t<\/a>\n\t\t\t\t<div class=\"elementor-post__text\">\n\t\t\t\t<h3 class=\"elementor-post__title\">\n\t\t\t<a href=\"https:\/\/www.hangzhiprecision.com\/es\/knowledge-center\/what-are-the-differences-between-fluxgate-and-hall-effect-current-transducers\/\" target=\"&quot;_blank&quot;\">\n\t\t\t\t\u00bfCu\u00e1les son las diferencias entre los transductores de corriente Fluxgate y de efecto Hall?\t\t\t<\/a>\n\t\t<\/h3>\n\t\t\t\t<div class=\"elementor-post__meta-data\">\n\t\t\t\t\t<span class=\"elementor-post-date\">\n\t\t\tagosto 21, 2023\t\t<\/span>\n\t\t\t\t<\/div>\n\t\t\t\t<div class=\"elementor-post__excerpt\">\n\t\t\t<p>Los transductores de corriente de efecto Hall y los transductores de corriente Fluxgate son dos actores importantes en el \u00e1mbito de las tecnolog\u00edas de medici\u00f3n actuales. Estas dos tecnolog\u00edas han revolucionado la forma en que medimos y monitoreamos las corrientes, y cada una posee sus propias caracter\u00edsticas y beneficios distintos. En este art\u00edculo, exploraremos las diferencias entre estos<\/p>\n\t\t<\/div>\n\t\t\n\t\t<a class=\"elementor-post__read-more\" href=\"https:\/\/www.hangzhiprecision.com\/es\/knowledge-center\/what-are-the-differences-between-fluxgate-and-hall-effect-current-transducers\/\" aria-label=\"M\u00e1s informaci\u00f3n sobre what are the differences between fluxgate and hall effect current transducers?\" tabindex=\"-1\" target=\"_blank\">\n\t\t\tLeer m\u00e1s \u00bb\t\t<\/a>\n\n\t\t\t\t<\/div>\n\t\t\t\t<\/article>\n\t\t\t\t<article class=\"elementor-post elementor-grid-item post-5225 post type-post status-publish format-standard hentry category-knowledge-center\" role=\"listitem\">\n\t\t\t\t<div class=\"elementor-post__text\">\n\t\t\t\t<h3 class=\"elementor-post__title\">\n\t\t\t<a href=\"https:\/\/www.hangzhiprecision.com\/es\/knowledge-center\/hall-effect-current-sensor\/\" target=\"&quot;_blank&quot;\">\n\t\t\t\t\u00bfQu\u00e9 es el sensor de corriente de efecto Hall?\t\t\t<\/a>\n\t\t<\/h3>\n\t\t\t\t<div class=\"elementor-post__meta-data\">\n\t\t\t\t\t<span class=\"elementor-post-date\">\n\t\t\tagosto 18, 2023\t\t<\/span>\n\t\t\t\t<\/div>\n\t\t\t\t<div class=\"elementor-post__excerpt\">\n\t\t\t<p>A Hall effect current sensor is an electronic device that measures the current passing through a conductor by utilising the Hall effect phenomenon. The Hall effect is a physical principle in which a voltage difference, known as the Hall voltage, is produced across a conductor when it is exposed to<\/p>\n\t\t<\/div>\n\t\t\n\t\t<a class=\"elementor-post__read-more\" href=\"https:\/\/www.hangzhiprecision.com\/es\/knowledge-center\/hall-effect-current-sensor\/\" aria-label=\"M\u00e1s informaci\u00f3n sobre What is hall effect current sensor?\" tabindex=\"-1\" target=\"_blank\">\n\t\t\tLeer m\u00e1s \u00bb\t\t<\/a>\n\n\t\t\t\t<\/div>\n\t\t\t\t<\/article>\n\t\t\t\t<article class=\"elementor-post elementor-grid-item post-5223 post type-post status-publish format-standard hentry category-knowledge-center\" role=\"listitem\">\n\t\t\t\t<div class=\"elementor-post__text\">\n\t\t\t\t<h3 class=\"elementor-post__title\">\n\t\t\t<a href=\"https:\/\/www.hangzhiprecision.com\/es\/knowledge-center\/fluxgate-current-sensor\/\" target=\"&quot;_blank&quot;\">\n\t\t\t\t\u00bfQu\u00e9 es el sensor de corriente fluxgate? \u00bfComo funciona?\t\t\t<\/a>\n\t\t<\/h3>\n\t\t\t\t<div class=\"elementor-post__meta-data\">\n\t\t\t\t\t<span class=\"elementor-post-date\">\n\t\t\tagosto 16, 2023\t\t<\/span>\n\t\t\t\t<\/div>\n\t\t\t\t<div class=\"elementor-post__excerpt\">\n\t\t\t<p>\u00bfQu\u00e9 es el sensor de corriente fluxgate? Principio de funcionamiento del sensor fluxgate Bajo la acci\u00f3n de la corriente de excitaci\u00f3n positiva y negativa, el n\u00facleo magn\u00e9tico de f\u00e1cil saturaci\u00f3n se utiliza para hacer que la inductancia del n\u00facleo magn\u00e9tico cambie con la magnitud de la corriente de excitaci\u00f3n, de modo que el flujo magn\u00e9tico del n\u00facleo magn\u00e9tico<\/p>\n\t\t<\/div>\n\t\t\n\t\t<a class=\"elementor-post__read-more\" href=\"https:\/\/www.hangzhiprecision.com\/es\/knowledge-center\/fluxgate-current-sensor\/\" aria-label=\"M\u00e1s informaci\u00f3n sobre What is fluxgate current sensor? How does it work?\" tabindex=\"-1\" target=\"_blank\">\n\t\t\tLeer m\u00e1s \u00bb\t\t<\/a>\n\n\t\t\t\t<\/div>\n\t\t\t\t<\/article>\n\t\t\t\t<article class=\"elementor-post elementor-grid-item post-4564 post type-post status-publish format-standard hentry category-knowledge-center\" role=\"listitem\">\n\t\t\t\t<div class=\"elementor-post__text\">\n\t\t\t\t<h3 class=\"elementor-post__title\">\n\t\t\t<a href=\"https:\/\/www.hangzhiprecision.com\/es\/knowledge-center\/how-to-use-hangzhi-fluxgate-current-transducers\/\" target=\"&quot;_blank&quot;\">\n\t\t\t\tC\u00f3mo usar los transductores de corriente Hangzhi Fluxgate\t\t\t<\/a>\n\t\t<\/h3>\n\t\t\t\t<div class=\"elementor-post__meta-data\">\n\t\t\t\t\t<span class=\"elementor-post-date\">\n\t\t\tmayo 14, 2021\t\t<\/span>\n\t\t\t\t<\/div>\n\t\t\t\t<div class=\"elementor-post__excerpt\">\n\t\t\t<p>1. C\u00f3mo utilizar los transductores de corriente fluxgate de alta precisi\u00f3n AIT 1.1 C\u00f3mo cablear el transductor de corriente de alta precisi\u00f3n AIT Los transductores \/ sensores de corriente de alta precisi\u00f3n de Hangzhi se desarrollaron sobre la base de la tecnolog\u00eda Multi-Point Zero Flux Gate, que se puede aplicar tanto para aplicaciones de medici\u00f3n de corriente alterna como continua, con<\/p>\n\t\t<\/div>\n\t\t\n\t\t<a class=\"elementor-post__read-more\" href=\"https:\/\/www.hangzhiprecision.com\/es\/knowledge-center\/how-to-use-hangzhi-fluxgate-current-transducers\/\" aria-label=\"M\u00e1s informaci\u00f3n sobre How to Use Hangzhi Fluxgate Current Transducers\" tabindex=\"-1\" target=\"_blank\">\n\t\t\tLeer m\u00e1s \u00bb\t\t<\/a>\n\n\t\t\t\t<\/div>\n\t\t\t\t<\/article>\n\t\t\t\t<\/div>\n\t\t\n\t\t\t\t\t\t<\/div>\n\t\t\t\t<\/div>\n\t\t\t\t\t<\/div>\n\t\t<\/div>\n\t\t\t\t\t<\/div>\n\t\t<\/section>\n\t\t\t\t<\/div>","protected":false},"excerpt":{"rendered":"<p>Centro de conocimientos Compartiendo conocimientos sobre mediciones de corriente<\/p>","protected":false},"author":1,"featured_media":0,"parent":2221,"menu_order":0,"comment_status":"closed","ping_status":"closed","template":"","meta":{"om_disable_all_campaigns":false,"_monsterinsights_skip_tracking":false,"_monsterinsights_sitenote_active":false,"_monsterinsights_sitenote_note":"","_monsterinsights_sitenote_category":0,"site-sidebar-layout":"no-sidebar","site-content-layout":"page-builder","ast-site-content-layout":"full-width-container","site-content-style":"unboxed","site-sidebar-style":"unboxed","ast-global-header-display":"","ast-banner-title-visibility":"","ast-main-header-display":"","ast-hfb-above-header-display":"","ast-hfb-below-header-display":"","ast-hfb-mobile-header-display":"","site-post-title":"disabled","ast-breadcrumbs-content":"","ast-featured-img":"disabled","footer-sml-layout":"","ast-disable-related-posts":"","theme-transparent-header-meta":"default","adv-header-id-meta":"","stick-header-meta":"","header-above-stick-meta":"","header-main-stick-meta":"","header-below-stick-meta":"","astra-migrate-meta-layouts":"set","ast-page-background-enabled":"default","ast-page-background-meta":{"desktop":{"background-color":"","background-image":"","background-repeat":"repeat","background-position":"center center","background-size":"auto","background-attachment":"scroll","background-type":"","background-media":"","overlay-type":"","overlay-color":"","overlay-opacity":"","overlay-gradient":""},"tablet":{"background-color":"","background-image":"","background-repeat":"repeat","background-position":"center center","background-size":"auto","background-attachment":"scroll","background-type":"","background-media":"","overlay-type":"","overlay-color":"","overlay-opacity":"","overlay-gradient":""},"mobile":{"background-color":"","background-image":"","background-repeat":"repeat","background-position":"center center","background-size":"auto","background-attachment":"scroll","background-type":"","background-media":"","overlay-type":"","overlay-color":"","overlay-opacity":"","overlay-gradient":""}},"ast-content-background-meta":{"desktop":{"background-color":"var(--ast-global-color-5)","background-image":"","background-repeat":"repeat","background-position":"center center","background-size":"auto","background-attachment":"scroll","background-type":"","background-media":"","overlay-type":"","overlay-color":"","overlay-opacity":"","overlay-gradient":""},"tablet":{"background-color":"var(--ast-global-color-5)","background-image":"","background-repeat":"repeat","background-position":"center center","background-size":"auto","background-attachment":"scroll","background-type":"","background-media":"","overlay-type":"","overlay-color":"","overlay-opacity":"","overlay-gradient":""},"mobile":{"background-color":"var(--ast-global-color-5)","background-image":"","background-repeat":"repeat","background-position":"center center","background-size":"auto","background-attachment":"scroll","background-type":"","background-media":"","overlay-type":"","overlay-color":"","overlay-opacity":"","overlay-gradient":""}},"footnotes":""},"categories":[],"tags":[],"class_list":["post-4357","page","type-page","status-publish","hentry"],"aioseo_notices":[],"yoast_head":"<!-- This site is optimized with the Yoast SEO Premium plugin v21.2 (Yoast SEO v27.5) - https:\/\/yoast.com\/product\/yoast-seo-premium-wordpress\/ -->\n<title>Knowledge Center - Hangzhi Precision<\/title>\n<meta name=\"description\" content=\"Knowledge Center Sharing knowledge of Current Measurements. Explore our Knowledge Center for expert support resources, technical guides, and FAQs.\" \/>\n<meta name=\"robots\" content=\"index, follow, max-snippet:-1, max-image-preview:large, max-video-preview:-1\" \/>\n<link rel=\"canonical\" href=\"https:\/\/www.hangzhiprecision.com\/es\/apoyo\/centro-de-conocimiento\/\" \/>\n<meta property=\"og:locale\" content=\"es_ES\" \/>\n<meta property=\"og:type\" content=\"article\" \/>\n<meta property=\"og:title\" content=\"Knowledge Center\" \/>\n<meta property=\"og:description\" content=\"Knowledge Center Sharing knowledge of Current Measurements. Explore our Knowledge Center for expert support resources, technical guides, and FAQs.\" \/>\n<meta property=\"og:url\" content=\"https:\/\/www.hangzhiprecision.com\/es\/apoyo\/centro-de-conocimiento\/\" \/>\n<meta property=\"og:site_name\" content=\"Hangzhi Precision\" \/>\n<meta property=\"article:publisher\" content=\"https:\/\/www.facebook.com\/ShenzhenHangzhi\/\" \/>\n<meta property=\"article:modified_time\" content=\"2025-06-16T08:09:46+00:00\" \/>\n<meta name=\"twitter:card\" content=\"summary_large_image\" \/>\n<meta name=\"twitter:label1\" content=\"Tiempo de lectura\" \/>\n\t<meta name=\"twitter:data1\" content=\"1 minuto\" \/>\n<script type=\"application\/ld+json\" class=\"yoast-schema-graph\">{\"@context\":\"https:\\\/\\\/schema.org\",\"@graph\":[{\"@type\":\"WebPage\",\"@id\":\"https:\\\/\\\/www.hangzhiprecision.com\\\/support\\\/knowledge-center\\\/\",\"url\":\"https:\\\/\\\/www.hangzhiprecision.com\\\/support\\\/knowledge-center\\\/\",\"name\":\"Knowledge Center - Hangzhi Precision\",\"isPartOf\":{\"@id\":\"https:\\\/\\\/www.hangzhiprecision.com\\\/en\\\/#website\"},\"datePublished\":\"2022-01-23T06:13:49+00:00\",\"dateModified\":\"2025-06-16T08:09:46+00:00\",\"description\":\"Knowledge Center Sharing knowledge of Current Measurements. Explore our Knowledge Center for expert support resources, technical guides, and FAQs.\",\"breadcrumb\":{\"@id\":\"https:\\\/\\\/www.hangzhiprecision.com\\\/support\\\/knowledge-center\\\/#breadcrumb\"},\"inLanguage\":\"es\",\"potentialAction\":[{\"@type\":\"ReadAction\",\"target\":[\"https:\\\/\\\/www.hangzhiprecision.com\\\/support\\\/knowledge-center\\\/\"]}]},{\"@type\":\"BreadcrumbList\",\"@id\":\"https:\\\/\\\/www.hangzhiprecision.com\\\/support\\\/knowledge-center\\\/#breadcrumb\",\"itemListElement\":[{\"@type\":\"ListItem\",\"position\":1,\"name\":\"Home\",\"item\":\"https:\\\/\\\/www.hangzhiprecision.com\\\/\"},{\"@type\":\"ListItem\",\"position\":2,\"name\":\"Support\",\"item\":\"https:\\\/\\\/www.hangzhiprecision.com\\\/support\\\/\"},{\"@type\":\"ListItem\",\"position\":3,\"name\":\"Knowledge Center\"}]},{\"@type\":\"WebSite\",\"@id\":\"https:\\\/\\\/www.hangzhiprecision.com\\\/en\\\/#website\",\"url\":\"https:\\\/\\\/www.hangzhiprecision.com\\\/en\\\/\",\"name\":\"Hangzhi Precision\",\"description\":\"Hangzhi Precision\",\"publisher\":{\"@id\":\"https:\\\/\\\/www.hangzhiprecision.com\\\/en\\\/#organization\"},\"potentialAction\":[{\"@type\":\"SearchAction\",\"target\":{\"@type\":\"EntryPoint\",\"urlTemplate\":\"https:\\\/\\\/www.hangzhiprecision.com\\\/en\\\/?s={search_term_string}\"},\"query-input\":{\"@type\":\"PropertyValueSpecification\",\"valueRequired\":true,\"valueName\":\"search_term_string\"}}],\"inLanguage\":\"es\"},{\"@type\":\"Organization\",\"@id\":\"https:\\\/\\\/www.hangzhiprecision.com\\\/en\\\/#organization\",\"name\":\"Shenzhen Hangzhi Precision Electronics Co., Ltd.\",\"alternateName\":\"Hangzhi Precision\",\"url\":\"https:\\\/\\\/www.hangzhiprecision.com\\\/en\\\/\",\"logo\":{\"@type\":\"ImageObject\",\"inLanguage\":\"es\",\"@id\":\"https:\\\/\\\/www.hangzhiprecision.com\\\/en\\\/#\\\/schema\\\/logo\\\/image\\\/\",\"url\":\"https:\\\/\\\/www.hangzhiprecision.com\\\/wp-content\\\/uploads\\\/2023\\\/08\\\/logo-en-400x400-1.png\",\"contentUrl\":\"https:\\\/\\\/www.hangzhiprecision.com\\\/wp-content\\\/uploads\\\/2023\\\/08\\\/logo-en-400x400-1.png\",\"width\":400,\"height\":400,\"caption\":\"Shenzhen Hangzhi Precision Electronics Co., Ltd.\"},\"image\":{\"@id\":\"https:\\\/\\\/www.hangzhiprecision.com\\\/en\\\/#\\\/schema\\\/logo\\\/image\\\/\"},\"sameAs\":[\"https:\\\/\\\/www.facebook.com\\\/ShenzhenHangzhi\\\/\"]}]}<\/script>\n<!-- \/ Yoast SEO Premium plugin. -->","yoast_head_json":{"title":"Centro de conocimiento - Precisi\u00f3n de Hangzhi","description":"Knowledge Center Sharing knowledge of Current Measurements. Explore our Knowledge Center for expert support resources, technical guides, and FAQs.","robots":{"index":"index","follow":"follow","max-snippet":"max-snippet:-1","max-image-preview":"max-image-preview:large","max-video-preview":"max-video-preview:-1"},"canonical":"https:\/\/www.hangzhiprecision.com\/es\/apoyo\/centro-de-conocimiento\/","og_locale":"es_ES","og_type":"article","og_title":"Knowledge Center","og_description":"Knowledge Center Sharing knowledge of Current Measurements. Explore our Knowledge Center for expert support resources, technical guides, and FAQs.","og_url":"https:\/\/www.hangzhiprecision.com\/es\/apoyo\/centro-de-conocimiento\/","og_site_name":"Hangzhi Precision","article_publisher":"https:\/\/www.facebook.com\/ShenzhenHangzhi\/","article_modified_time":"2025-06-16T08:09:46+00:00","twitter_card":"summary_large_image","twitter_misc":{"Tiempo de lectura":"1 minuto"},"schema":{"@context":"https:\/\/schema.org","@graph":[{"@type":"WebPage","@id":"https:\/\/www.hangzhiprecision.com\/support\/knowledge-center\/","url":"https:\/\/www.hangzhiprecision.com\/support\/knowledge-center\/","name":"Centro de conocimiento - Precisi\u00f3n de Hangzhi","isPartOf":{"@id":"https:\/\/www.hangzhiprecision.com\/en\/#website"},"datePublished":"2022-01-23T06:13:49+00:00","dateModified":"2025-06-16T08:09:46+00:00","description":"Knowledge Center Sharing knowledge of Current Measurements. Explore our Knowledge Center for expert support resources, technical guides, and FAQs.","breadcrumb":{"@id":"https:\/\/www.hangzhiprecision.com\/support\/knowledge-center\/#breadcrumb"},"inLanguage":"es","potentialAction":[{"@type":"ReadAction","target":["https:\/\/www.hangzhiprecision.com\/support\/knowledge-center\/"]}]},{"@type":"BreadcrumbList","@id":"https:\/\/www.hangzhiprecision.com\/support\/knowledge-center\/#breadcrumb","itemListElement":[{"@type":"ListItem","position":1,"name":"Home","item":"https:\/\/www.hangzhiprecision.com\/"},{"@type":"ListItem","position":2,"name":"Support","item":"https:\/\/www.hangzhiprecision.com\/support\/"},{"@type":"ListItem","position":3,"name":"Knowledge Center"}]},{"@type":"WebSite","@id":"https:\/\/www.hangzhiprecision.com\/en\/#website","url":"https:\/\/www.hangzhiprecision.com\/en\/","name":"Precisi\u00f3n Hangzhi","description":"Precisi\u00f3n Hangzhi","publisher":{"@id":"https:\/\/www.hangzhiprecision.com\/en\/#organization"},"potentialAction":[{"@type":"SearchAction","target":{"@type":"EntryPoint","urlTemplate":"https:\/\/www.hangzhiprecision.com\/en\/?s={search_term_string}"},"query-input":{"@type":"PropertyValueSpecification","valueRequired":true,"valueName":"search_term_string"}}],"inLanguage":"es"},{"@type":"Organization","@id":"https:\/\/www.hangzhiprecision.com\/en\/#organization","name":"Shenzhen Hangzhi Precisi\u00f3n Electronics Co., Ltd.","alternateName":"Hangzhi Precision","url":"https:\/\/www.hangzhiprecision.com\/en\/","logo":{"@type":"ImageObject","inLanguage":"es","@id":"https:\/\/www.hangzhiprecision.com\/en\/#\/schema\/logo\/image\/","url":"https:\/\/www.hangzhiprecision.com\/wp-content\/uploads\/2023\/08\/logo-en-400x400-1.png","contentUrl":"https:\/\/www.hangzhiprecision.com\/wp-content\/uploads\/2023\/08\/logo-en-400x400-1.png","width":400,"height":400,"caption":"Shenzhen Hangzhi Precision Electronics Co., Ltd."},"image":{"@id":"https:\/\/www.hangzhiprecision.com\/en\/#\/schema\/logo\/image\/"},"sameAs":["https:\/\/www.facebook.com\/ShenzhenHangzhi\/"]}]}},"_links":{"self":[{"href":"https:\/\/www.hangzhiprecision.com\/es\/wp-json\/wp\/v2\/pages\/4357","targetHints":{"allow":["GET"]}}],"collection":[{"href":"https:\/\/www.hangzhiprecision.com\/es\/wp-json\/wp\/v2\/pages"}],"about":[{"href":"https:\/\/www.hangzhiprecision.com\/es\/wp-json\/wp\/v2\/types\/page"}],"author":[{"embeddable":true,"href":"https:\/\/www.hangzhiprecision.com\/es\/wp-json\/wp\/v2\/users\/1"}],"replies":[{"embeddable":true,"href":"https:\/\/www.hangzhiprecision.com\/es\/wp-json\/wp\/v2\/comments?post=4357"}],"version-history":[{"count":0,"href":"https:\/\/www.hangzhiprecision.com\/es\/wp-json\/wp\/v2\/pages\/4357\/revisions"}],"up":[{"embeddable":true,"href":"https:\/\/www.hangzhiprecision.com\/es\/wp-json\/wp\/v2\/pages\/2221"}],"wp:attachment":[{"href":"https:\/\/www.hangzhiprecision.com\/es\/wp-json\/wp\/v2\/media?parent=4357"}],"wp:term":[{"taxonomy":"category","embeddable":true,"href":"https:\/\/www.hangzhiprecision.com\/es\/wp-json\/wp\/v2\/categories?post=4357"},{"taxonomy":"post_tag","embeddable":true,"href":"https:\/\/www.hangzhiprecision.com\/es\/wp-json\/wp\/v2\/tags?post=4357"}],"curies":[{"name":"wp","href":"https:\/\/api.w.org\/{rel}","templated":true}]}}